{"id":290,"date":"2024-02-27T20:59:39","date_gmt":"2024-02-27T20:59:39","guid":{"rendered":"https:\/\/hapfilmyapim.com\/?page_id=290"},"modified":"2025-09-14T09:42:20","modified_gmt":"2025-09-14T09:42:20","slug":"biryeraltisitcomu","status":"publish","type":"page","link":"https:\/\/hapfilmyapim.com\/index.php\/yapimlar\/biryeraltisitcomu\/","title":{"rendered":"Bir Yeralt\u0131 Sit-Com&#8217;u"},"content":{"rendered":"\n<div class=\"wp-block-columns alignwide is-layout-flex wp-container-core-columns-is-layout-f5a44f5b wp-block-columns-is-layout-flex\">\n<div class=\"wp-block-column is-vertically-aligned-top is-layout-flow wp-block-column-is-layout-flow\">\n<figure class=\"wp-block-image size-large\"><img decoding=\"async\" src=\"https:\/\/hapfilmyapim.com\/wp-content\/uploads\/2025\/09\/biryeraltisitcomu.jpg\" alt=\"\" style=\"aspect-ratio:0.75;object-fit:cover\"\/><\/figure>\n<\/div>\n\n\n\n<div class=\"wp-block-column is-vertically-aligned-center is-layout-flow wp-block-column-is-layout-flow\">\n<p style=\"font-size:55px\"><strong>Bir Yeralt\u0131 Sit-Com&#8217;u<\/strong><\/p>\n\n\n\n<hr class=\"wp-block-separator has-alpha-channel-opacity is-style-wide\"\/>\n\n\n\n<p>\u0130stanbul\u2019un G\u00fcng\u00f6ren semtinde dar gelirli ailesiyle ya\u015fayan ve g\u00fcn\u00fcn birinde komedyen olmak isteyen Hasan Can Yaya\u2019n\u0131n hayalleriyle, hayat\u0131n ger\u00e7ekleri birbirine kar\u0131\u015f\u0131yor.<\/p>\n\n\n\n<p style=\"text-transform:none\"><\/p>\n<\/div>\n<\/div>\n\n\n\n<div style=\"height:100px\" aria-hidden=\"true\" class=\"wp-block-spacer\"><\/div>\n","protected":false},"excerpt":{"rendered":"<p>Bir Yeralt\u0131 Sit-Com&#8217;u \u0130stanbul\u2019un G\u00fcng\u00f6ren semtinde dar gelirli ailesiyle ya\u015fayan ve g\u00fcn\u00fcn birinde komedyen olmak isteyen Hasan Can Yaya\u2019n\u0131n hayalleriyle, hayat\u0131n ger\u00e7ekleri birbirine kar\u0131\u015f\u0131yor.<\/p>\n","protected":false},"author":1,"featured_media":0,"parent":14,"menu_order":0,"comment_status":"closed","ping_status":"closed","template":"page-no-separators","meta":{"footnotes":""},"class_list":["post-290","page","type-page","status-publish","hentry"],"_links":{"self":[{"href":"https:\/\/hapfilmyapim.com\/index.php\/wp-json\/wp\/v2\/pages\/290","targetHints":{"allow":["GET"]}}],"collection":[{"href":"https:\/\/hapfilmyapim.com\/index.php\/wp-json\/wp\/v2\/pages"}],"about":[{"href":"https:\/\/hapfilmyapim.com\/index.php\/wp-json\/wp\/v2\/types\/page"}],"author":[{"embeddable":true,"href":"https:\/\/hapfilmyapim.com\/index.php\/wp-json\/wp\/v2\/users\/1"}],"replies":[{"embeddable":true,"href":"https:\/\/hapfilmyapim.com\/index.php\/wp-json\/wp\/v2\/comments?post=290"}],"version-history":[{"count":3,"href":"https:\/\/hapfilmyapim.com\/index.php\/wp-json\/wp\/v2\/pages\/290\/revisions"}],"predecessor-version":[{"id":354,"href":"https:\/\/hapfilmyapim.com\/index.php\/wp-json\/wp\/v2\/pages\/290\/revisions\/354"}],"up":[{"embeddable":true,"href":"https:\/\/hapfilmyapim.com\/index.php\/wp-json\/wp\/v2\/pages\/14"}],"wp:attachment":[{"href":"https:\/\/hapfilmyapim.com\/index.php\/wp-json\/wp\/v2\/media?parent=290"}],"curies":[{"name":"wp","href":"https:\/\/api.w.org\/{rel}","templated":true}]}}