{"id":287,"date":"2024-02-27T20:59:39","date_gmt":"2024-02-27T20:59:39","guid":{"rendered":"https:\/\/hapfilmyapim.com\/?page_id=287"},"modified":"2024-02-29T20:20:37","modified_gmt":"2024-02-29T20:20:37","slug":"standupevreni","status":"publish","type":"page","link":"https:\/\/hapfilmyapim.com\/index.php\/yapimlar\/standupevreni\/","title":{"rendered":"Stand-up Evreni"},"content":{"rendered":"\n<div class=\"wp-block-columns alignwide is-layout-flex wp-container-core-columns-is-layout-f5a44f5b wp-block-columns-is-layout-flex\">\n<div class=\"wp-block-column is-vertically-aligned-top is-layout-flow wp-block-column-is-layout-flow\">\n<figure class=\"wp-block-image size-large\"><img loading=\"lazy\" decoding=\"async\" width=\"819\" height=\"1024\" src=\"https:\/\/hapfilmyapim.com\/wp-content\/uploads\/slider2\/Poster3-819x1024.jpeg\" alt=\"\" class=\"wp-image-26\" style=\"aspect-ratio:0.75;object-fit:cover\" srcset=\"https:\/\/hapfilmyapim.com\/wp-content\/uploads\/slider2\/Poster3-819x1024.jpeg 819w, https:\/\/hapfilmyapim.com\/wp-content\/uploads\/slider2\/Poster3-240x300.jpeg 240w, https:\/\/hapfilmyapim.com\/wp-content\/uploads\/slider2\/Poster3-768x960.jpeg 768w, https:\/\/hapfilmyapim.com\/wp-content\/uploads\/slider2\/Poster3.jpeg 1000w\" sizes=\"auto, (max-width: 819px) 100vw, 819px\" \/><\/figure>\n<\/div>\n\n\n\n<div class=\"wp-block-column is-vertically-aligned-center is-layout-flow wp-block-column-is-layout-flow\">\n<p style=\"font-size:55px\"><strong>Stand-up Evreni<\/strong><\/p>\n\n\n\n<hr class=\"wp-block-separator has-alpha-channel-opacity is-style-wide\"\/>\n\n\n\n<p>Senarist, akademisyen, karikat\u00fcrist, \u00f6d\u00fcll\u00fc oyuncu\u2026 Bu evrende hepsinden var! Kendilerine ayr\u0131lan s\u00fcrede hikayelerini anlatan stand-up komedyenlerine, birbirinden yetenekli oyuncular\u0131n ortaya koydu\u011fu ba\u011f\u0131ms\u0131z ske\u00e7ler de e\u015flik edince ortaya ger\u00e7ek bir &#8220;Stand-Up Evreni&#8221; \u00e7\u0131k\u0131yor.<\/p>\n\n\n\n<p style=\"text-transform:none\">Fragman Videolar\u0131:<br><a href=\"https:\/\/youtu.be\/PhFZMaPC5p8?si=1Bm3MojOKDjLtv6w\">Tan\u0131t\u0131m<\/a><br><a href=\"https:\/\/youtu.be\/76p1n7BkAhA?si=Cb9bY1ej6_It7GR0\">B\u00f6l\u00fcm 1<\/a><a href=\"https:\/\/youtu.be\/IzRdfBQfddA?si=cAx0WBZV7Nvkw2w3\"><br><\/a><a href=\"https:\/\/youtu.be\/H-nJpemT7gA?si=Njcgv9jqdFm24_ey\">B\u00f6l\u00fcm 3<\/a><\/p>\n<\/div>\n<\/div>\n\n\n\n<div style=\"height:100px\" aria-hidden=\"true\" class=\"wp-block-spacer\"><\/div>\n","protected":false},"excerpt":{"rendered":"<p>Stand-up Evreni Senarist, akademisyen, karikat\u00fcrist, \u00f6d\u00fcll\u00fc oyuncu\u2026 Bu evrende hepsinden var! Kendilerine ayr\u0131lan s\u00fcrede hikayelerini anlatan stand-up komedyenlerine, birbirinden yetenekli oyuncular\u0131n ortaya koydu\u011fu ba\u011f\u0131ms\u0131z ske\u00e7ler de e\u015flik edince ortaya ger\u00e7ek bir &#8220;Stand-Up Evreni&#8221; \u00e7\u0131k\u0131yor. Fragman Videolar\u0131:Tan\u0131t\u0131mB\u00f6l\u00fcm 1B\u00f6l\u00fcm 3<\/p>\n","protected":false},"author":1,"featured_media":0,"parent":14,"menu_order":0,"comment_status":"closed","ping_status":"closed","template":"page-no-separators","meta":{"footnotes":""},"class_list":["post-287","page","type-page","status-publish","hentry"],"_links":{"self":[{"href":"https:\/\/hapfilmyapim.com\/index.php\/wp-json\/wp\/v2\/pages\/287","targetHints":{"allow":["GET"]}}],"collection":[{"href":"https:\/\/hapfilmyapim.com\/index.php\/wp-json\/wp\/v2\/pages"}],"about":[{"href":"https:\/\/hapfilmyapim.com\/index.php\/wp-json\/wp\/v2\/types\/page"}],"author":[{"embeddable":true,"href":"https:\/\/hapfilmyapim.com\/index.php\/wp-json\/wp\/v2\/users\/1"}],"replies":[{"embeddable":true,"href":"https:\/\/hapfilmyapim.com\/index.php\/wp-json\/wp\/v2\/comments?post=287"}],"version-history":[{"count":1,"href":"https:\/\/hapfilmyapim.com\/index.php\/wp-json\/wp\/v2\/pages\/287\/revisions"}],"predecessor-version":[{"id":288,"href":"https:\/\/hapfilmyapim.com\/index.php\/wp-json\/wp\/v2\/pages\/287\/revisions\/288"}],"up":[{"embeddable":true,"href":"https:\/\/hapfilmyapim.com\/index.php\/wp-json\/wp\/v2\/pages\/14"}],"wp:attachment":[{"href":"https:\/\/hapfilmyapim.com\/index.php\/wp-json\/wp\/v2\/media?parent=287"}],"curies":[{"name":"wp","href":"https:\/\/api.w.org\/{rel}","templated":true}]}}