{"id":170,"date":"2024-02-27T20:59:39","date_gmt":"2024-02-27T20:59:39","guid":{"rendered":"https:\/\/hapfilmyapim.com\/?page_id=170"},"modified":"2024-02-29T19:21:30","modified_gmt":"2024-02-29T19:21:30","slug":"ask-kumardir","status":"publish","type":"page","link":"https:\/\/hapfilmyapim.com\/index.php\/yapimlar\/ask-kumardir\/","title":{"rendered":"A\u015fk Kumard\u0131r"},"content":{"rendered":"\n<div class=\"wp-block-columns alignwide is-layout-flex wp-container-core-columns-is-layout-f5a44f5b wp-block-columns-is-layout-flex\">\n<div class=\"wp-block-column is-vertically-aligned-top is-layout-flow wp-block-column-is-layout-flow\">\n<figure class=\"wp-block-image size-large\"><img loading=\"lazy\" decoding=\"async\" width=\"819\" height=\"1024\" src=\"https:\/\/hapfilmyapim.com\/wp-content\/uploads\/slider2\/Poster1-819x1024.jpeg\" alt=\"\" class=\"wp-image-25\" style=\"aspect-ratio:0.75;object-fit:cover\" srcset=\"https:\/\/hapfilmyapim.com\/wp-content\/uploads\/slider2\/Poster1-819x1024.jpeg 819w, https:\/\/hapfilmyapim.com\/wp-content\/uploads\/slider2\/Poster1-240x300.jpeg 240w, https:\/\/hapfilmyapim.com\/wp-content\/uploads\/slider2\/Poster1-768x960.jpeg 768w, https:\/\/hapfilmyapim.com\/wp-content\/uploads\/slider2\/Poster1.jpeg 1000w\" sizes=\"auto, (max-width: 819px) 100vw, 819px\" \/><\/figure>\n<\/div>\n\n\n\n<div class=\"wp-block-column is-vertically-aligned-center is-layout-flow wp-block-column-is-layout-flow\">\n<p style=\"font-size:55px\"><strong>A\u015fk Kumard\u0131r<\/strong><\/p>\n\n\n\n<hr class=\"wp-block-separator has-alpha-channel-opacity is-style-wide\"\/>\n\n\n\n<p>Genellikle kentli ve orta s\u0131n\u0131f bireylerin merkezde oldu\u011fu; zeki, s\u0131radan, ma\u00e7o, nevrotik, kafas\u0131 kar\u0131\u015f\u0131k, dominant, \u00e7apk\u0131n, duygusal, \u00f6ng\u00f6r\u00fclemez ve e\u011flenceli karakterlerin ili\u015fkilerine, ileti\u015fimsizliklerine ve \u00e7at\u0131\u015fmalar\u0131na tan\u0131k olun.<\/p>\n\n\n\n<p style=\"text-transform:none\">Fragman Videolar\u0131:<br><a href=\"https:\/\/youtu.be\/fzrECK04C5Y?si=Y9B9rmVhiWLok0Jw\">B\u00f6l\u00fcm 1<br><\/a><a href=\"https:\/\/youtu.be\/IzRdfBQfddA?si=cAx0WBZV7Nvkw2w3\">B\u00f6l\u00fcm 2<br><\/a><a href=\"https:\/\/youtu.be\/YqU0rZO73GU?si=nISL9L-gEsG1m5Mf\">B\u00f6l\u00fcm 3<br><\/a><a href=\"https:\/\/youtu.be\/NiJeGhR1w-g?si=nSC-tWjkywoMBNmi\">B\u00f6l\u00fcm 4<br><\/a><a href=\"https:\/\/youtu.be\/pUcTCi7SPZw?si=IQP_qLH0BPVoSCFD\">B\u00f6l\u00fcm 5<br><\/a><a href=\"https:\/\/youtu.be\/MDsxAD_UmlE?si=ZPNYFrlmzr4qR7NW\">B\u00f6l\u00fcm 6<br><\/a><a href=\"https:\/\/youtu.be\/NyrL6qut9gk?si=Nu_YO39ySnvgGyn8\">B\u00f6l\u00fcm 7<br><\/a><a href=\"https:\/\/youtu.be\/At2Vo-MrjS0?si=F0oukR1M_2dPmsan\">B\u00f6l\u00fcm 8<\/a><\/p>\n<\/div>\n<\/div>\n\n\n\n<div style=\"height:100px\" aria-hidden=\"true\" class=\"wp-block-spacer\"><\/div>\n","protected":false},"excerpt":{"rendered":"<p>A\u015fk Kumard\u0131r Genellikle kentli ve orta s\u0131n\u0131f bireylerin merkezde oldu\u011fu; zeki, s\u0131radan, ma\u00e7o, nevrotik, kafas\u0131 kar\u0131\u015f\u0131k, dominant, \u00e7apk\u0131n, duygusal, \u00f6ng\u00f6r\u00fclemez ve e\u011flenceli karakterlerin ili\u015fkilerine, ileti\u015fimsizliklerine ve \u00e7at\u0131\u015fmalar\u0131na tan\u0131k olun. Fragman Videolar\u0131:B\u00f6l\u00fcm 1B\u00f6l\u00fcm 2B\u00f6l\u00fcm 3B\u00f6l\u00fcm 4B\u00f6l\u00fcm 5B\u00f6l\u00fcm 6B\u00f6l\u00fcm 7B\u00f6l\u00fcm 8<\/p>\n","protected":false},"author":1,"featured_media":0,"parent":14,"menu_order":0,"comment_status":"closed","ping_status":"closed","template":"page-no-separators","meta":{"footnotes":""},"class_list":["post-170","page","type-page","status-publish","hentry"],"_links":{"self":[{"href":"https:\/\/hapfilmyapim.com\/index.php\/wp-json\/wp\/v2\/pages\/170","targetHints":{"allow":["GET"]}}],"collection":[{"href":"https:\/\/hapfilmyapim.com\/index.php\/wp-json\/wp\/v2\/pages"}],"about":[{"href":"https:\/\/hapfilmyapim.com\/index.php\/wp-json\/wp\/v2\/types\/page"}],"author":[{"embeddable":true,"href":"https:\/\/hapfilmyapim.com\/index.php\/wp-json\/wp\/v2\/users\/1"}],"replies":[{"embeddable":true,"href":"https:\/\/hapfilmyapim.com\/index.php\/wp-json\/wp\/v2\/comments?post=170"}],"version-history":[{"count":9,"href":"https:\/\/hapfilmyapim.com\/index.php\/wp-json\/wp\/v2\/pages\/170\/revisions"}],"predecessor-version":[{"id":247,"href":"https:\/\/hapfilmyapim.com\/index.php\/wp-json\/wp\/v2\/pages\/170\/revisions\/247"}],"up":[{"embeddable":true,"href":"https:\/\/hapfilmyapim.com\/index.php\/wp-json\/wp\/v2\/pages\/14"}],"wp:attachment":[{"href":"https:\/\/hapfilmyapim.com\/index.php\/wp-json\/wp\/v2\/media?parent=170"}],"curies":[{"name":"wp","href":"https:\/\/api.w.org\/{rel}","templated":true}]}}