{"id":126,"date":"2024-02-27T20:59:39","date_gmt":"2024-02-27T20:59:39","guid":{"rendered":"https:\/\/hapfilmyapim.com\/?page_id=126"},"modified":"2025-09-14T09:37:03","modified_gmt":"2025-09-14T09:37:03","slug":"konusanlar","status":"publish","type":"page","link":"https:\/\/hapfilmyapim.com\/index.php\/yapimlar\/konusanlar\/","title":{"rendered":"Konu\u015fanlar"},"content":{"rendered":"\n<div class=\"wp-block-cover alignfull has-parallax\"><div class=\"wp-block-cover__image-background wp-image-225 has-parallax\" style=\"background-position:50% 50%;background-image:url(https:\/\/hapfilmyapim.com\/wp-content\/uploads\/2024\/02\/bg.png)\"><\/div><span aria-hidden=\"true\" class=\"wp-block-cover__background has-background-dim\"><\/span><div class=\"wp-block-cover__inner-container is-layout-constrained wp-block-cover-is-layout-constrained\">\n<div class=\"wp-block-columns is-layout-flex wp-container-core-columns-is-layout-26512c45 wp-block-columns-is-layout-flex\" style=\"padding-right:0%;padding-left:0%\">\n<div class=\"wp-block-column is-vertically-aligned-center is-layout-flow wp-container-core-column-is-layout-d05a3c56 wp-block-column-is-layout-flow\" style=\"padding-top:0;padding-bottom:0\">\n<figure class=\"wp-block-image aligncenter size-full is-resized\"><img loading=\"lazy\" decoding=\"async\" width=\"2839\" height=\"928\" src=\"https:\/\/hapfilmyapim.com\/wp-content\/uploads\/2024\/02\/konusanlar_bannerv2-copy-2.png\" alt=\"\" class=\"wp-image-221\" style=\"width:648px;height:auto\" srcset=\"https:\/\/hapfilmyapim.com\/wp-content\/uploads\/2024\/02\/konusanlar_bannerv2-copy-2.png 2839w, https:\/\/hapfilmyapim.com\/wp-content\/uploads\/2024\/02\/konusanlar_bannerv2-copy-2-300x98.png 300w, https:\/\/hapfilmyapim.com\/wp-content\/uploads\/2024\/02\/konusanlar_bannerv2-copy-2-1024x335.png 1024w, https:\/\/hapfilmyapim.com\/wp-content\/uploads\/2024\/02\/konusanlar_bannerv2-copy-2-768x251.png 768w, https:\/\/hapfilmyapim.com\/wp-content\/uploads\/2024\/02\/konusanlar_bannerv2-copy-2-1536x502.png 1536w, https:\/\/hapfilmyapim.com\/wp-content\/uploads\/2024\/02\/konusanlar_bannerv2-copy-2-2048x669.png 2048w\" sizes=\"auto, (max-width: 2839px) 100vw, 2839px\" \/><\/figure>\n\n\n\n<div class=\"wp-block-columns are-vertically-aligned-center is-not-stacked-on-mobile is-layout-flex wp-container-core-columns-is-layout-ef350914 wp-block-columns-is-layout-flex\" style=\"padding-top:var(--wp--preset--spacing--30);padding-bottom:var(--wp--preset--spacing--30)\">\n<div class=\"wp-block-column is-vertically-aligned-center is-layout-flow wp-block-column-is-layout-flow\">\n<figure class=\"wp-block-image aligncenter size-full is-resized\"><a href=\"https:\/\/konusanlar.com\/\"><img loading=\"lazy\" decoding=\"async\" width=\"500\" height=\"500\" src=\"https:\/\/hapfilmyapim.com\/wp-content\/uploads\/2024\/02\/web.png\" alt=\"\" class=\"wp-image-211\" style=\"width:90px\" srcset=\"https:\/\/hapfilmyapim.com\/wp-content\/uploads\/2024\/02\/web.png 500w, https:\/\/hapfilmyapim.com\/wp-content\/uploads\/2024\/02\/web-300x300.png 300w, https:\/\/hapfilmyapim.com\/wp-content\/uploads\/2024\/02\/web-150x150.png 150w\" sizes=\"auto, (max-width: 500px) 100vw, 500px\" \/><\/a><\/figure>\n<\/div>\n\n\n\n<div class=\"wp-block-column is-layout-flow wp-block-column-is-layout-flow\">\n<figure class=\"wp-block-image aligncenter size-full is-resized\"><a href=\"https:\/\/www.instagram.com\/Konusanlar.resmi\/\"><img loading=\"lazy\" decoding=\"async\" width=\"500\" height=\"500\" src=\"https:\/\/hapfilmyapim.com\/wp-content\/uploads\/2024\/02\/ig.png\" alt=\"\" class=\"wp-image-210\" style=\"width:90px\" srcset=\"https:\/\/hapfilmyapim.com\/wp-content\/uploads\/2024\/02\/ig.png 500w, https:\/\/hapfilmyapim.com\/wp-content\/uploads\/2024\/02\/ig-300x300.png 300w, https:\/\/hapfilmyapim.com\/wp-content\/uploads\/2024\/02\/ig-150x150.png 150w\" sizes=\"auto, (max-width: 500px) 100vw, 500px\" \/><\/a><\/figure>\n<\/div>\n\n\n\n<div class=\"wp-block-column is-layout-flow wp-block-column-is-layout-flow\">\n<figure class=\"wp-block-image aligncenter size-full is-resized\"><a href=\"https:\/\/twitter.com\/KonusanlarResmi\"><img loading=\"lazy\" decoding=\"async\" width=\"500\" height=\"500\" src=\"https:\/\/hapfilmyapim.com\/wp-content\/uploads\/2024\/02\/x.png\" alt=\"\" class=\"wp-image-212\" style=\"width:90px\" srcset=\"https:\/\/hapfilmyapim.com\/wp-content\/uploads\/2024\/02\/x.png 500w, https:\/\/hapfilmyapim.com\/wp-content\/uploads\/2024\/02\/x-300x300.png 300w, https:\/\/hapfilmyapim.com\/wp-content\/uploads\/2024\/02\/x-150x150.png 150w\" sizes=\"auto, (max-width: 500px) 100vw, 500px\" \/><\/a><\/figure>\n<\/div>\n\n\n\n<div class=\"wp-block-column is-layout-flow wp-block-column-is-layout-flow\">\n<figure class=\"wp-block-image aligncenter size-full is-resized\"><a href=\"https:\/\/youtube.com\/playlist?list=PLqrLgLCVrIwafxRzQdCoy0_BENVrM5SLj&amp;si=DaJsAHsQ4RY2UpgJ\"><img loading=\"lazy\" decoding=\"async\" width=\"500\" height=\"500\" src=\"https:\/\/hapfilmyapim.com\/wp-content\/uploads\/2024\/02\/yt.png\" alt=\"\" class=\"wp-image-213\" style=\"width:90px\" srcset=\"https:\/\/hapfilmyapim.com\/wp-content\/uploads\/2024\/02\/yt.png 500w, https:\/\/hapfilmyapim.com\/wp-content\/uploads\/2024\/02\/yt-300x300.png 300w, https:\/\/hapfilmyapim.com\/wp-content\/uploads\/2024\/02\/yt-150x150.png 150w\" sizes=\"auto, (max-width: 500px) 100vw, 500px\" \/><\/a><\/figure>\n<\/div>\n<\/div>\n\n\n\n<p class=\"has-text-align-center has-medium-font-size\" style=\"font-style:normal;font-weight:400;text-transform:none\">Bu sohbet bildiklerinizden \u00e7ok farkl\u0131. Her insan farkl\u0131 bir hikaye, her hikaye farkl\u0131 bir kahkaha. Hasan Can Kaya \u00f6nce konu\u015fanlar\u0131 se\u00e7iyor ard\u0131ndan birbirinden ilgin\u00e7 sorularla e\u011flence katlanarak art\u0131yor.<\/p>\n<\/div>\n<\/div>\n\n\n\n<div class=\"wp-block-columns alignwide is-layout-flex wp-container-core-columns-is-layout-f5a44f5b wp-block-columns-is-layout-flex\">\n<div class=\"wp-block-column is-vertically-aligned-center is-layout-flow wp-block-column-is-layout-flow\" style=\"padding-right:0;padding-left:0\">\n<figure class=\"wp-block-image aligncenter size-large is-resized\"><img decoding=\"async\" src=\"https:\/\/hapfilmyapim.com\/wp-content\/uploads\/2025\/09\/konusanlar.jpg\" alt=\"\" style=\"aspect-ratio:0.75;object-fit:cover;width:668px;height:auto\"\/><\/figure>\n<\/div>\n<\/div>\n\n\n\n<div class=\"wp-block-columns alignwide is-layout-flex wp-container-core-columns-is-layout-f5a44f5b wp-block-columns-is-layout-flex\">\n<div class=\"wp-block-column is-vertically-aligned-center is-layout-flow wp-block-column-is-layout-flow\" style=\"padding-right:0;padding-left:0\"><\/div>\n<\/div>\n<\/div><\/div>\n","protected":false},"excerpt":{"rendered":"","protected":false},"author":1,"featured_media":0,"parent":14,"menu_order":0,"comment_status":"closed","ping_status":"closed","template":"page-no-separators","meta":{"footnotes":""},"class_list":["post-126","page","type-page","status-publish","hentry"],"_links":{"self":[{"href":"https:\/\/hapfilmyapim.com\/index.php\/wp-json\/wp\/v2\/pages\/126","targetHints":{"allow":["GET"]}}],"collection":[{"href":"https:\/\/hapfilmyapim.com\/index.php\/wp-json\/wp\/v2\/pages"}],"about":[{"href":"https:\/\/hapfilmyapim.com\/index.php\/wp-json\/wp\/v2\/types\/page"}],"author":[{"embeddable":true,"href":"https:\/\/hapfilmyapim.com\/index.php\/wp-json\/wp\/v2\/users\/1"}],"replies":[{"embeddable":true,"href":"https:\/\/hapfilmyapim.com\/index.php\/wp-json\/wp\/v2\/comments?post=126"}],"version-history":[{"count":60,"href":"https:\/\/hapfilmyapim.com\/index.php\/wp-json\/wp\/v2\/pages\/126\/revisions"}],"predecessor-version":[{"id":351,"href":"https:\/\/hapfilmyapim.com\/index.php\/wp-json\/wp\/v2\/pages\/126\/revisions\/351"}],"up":[{"embeddable":true,"href":"https:\/\/hapfilmyapim.com\/index.php\/wp-json\/wp\/v2\/pages\/14"}],"wp:attachment":[{"href":"https:\/\/hapfilmyapim.com\/index.php\/wp-json\/wp\/v2\/media?parent=126"}],"curies":[{"name":"wp","href":"https:\/\/api.w.org\/{rel}","templated":true}]}}